{"id":1288,"date":"2025-11-10T15:48:09","date_gmt":"2025-11-10T14:48:09","guid":{"rendered":"https:\/\/ariel.cfrd.cl\/maprus\/?page_id=1288"},"modified":"2026-01-13T20:50:06","modified_gmt":"2026-01-13T19:50:06","slug":"infraestructura","status":"publish","type":"page","link":"https:\/\/ariel.cfrd.cl\/maprus\/infraestructura\/","title":{"rendered":"Infraestructura"},"content":{"rendered":"\t\t<div data-elementor-type=\"wp-page\" data-elementor-id=\"1288\" class=\"elementor elementor-1288\" data-elementor-post-type=\"page\">\n\t\t\t\t<div data-particle_enable=\"false\" data-particle-mobile-disabled=\"false\" class=\"elementor-element elementor-element-4217805 e-flex e-con-boxed e-con e-parent\" data-id=\"4217805\" data-element_type=\"container\" data-settings=\"{&quot;background_background&quot;:&quot;classic&quot;}\">\n\t\t\t\t\t<div class=\"e-con-inner\">\n\t\t\t\t<div class=\"elementor-element elementor-element-2c76321 elementor-widget elementor-widget-heading\" data-id=\"2c76321\" data-element_type=\"widget\" data-widget_type=\"heading.default\">\n\t\t\t\t\t<h1 class=\"elementor-heading-title elementor-size-default\">Infraestructura<\/h1>\t\t\t\t<\/div>\n\t\t\t\t\t<\/div>\n\t\t\t\t<\/div>\n\t\t<div data-particle_enable=\"false\" data-particle-mobile-disabled=\"false\" class=\"elementor-element elementor-element-8b54293 e-flex e-con-boxed e-con e-parent\" data-id=\"8b54293\" data-element_type=\"container\">\n\t\t\t\t\t<div class=\"e-con-inner\">\n\t\t\t\t<div class=\"elementor-element elementor-element-b3005d5 elementor-widget elementor-widget-text-editor\" data-id=\"b3005d5\" data-element_type=\"widget\" data-widget_type=\"text-editor.default\">\n\t\t\t\t\t\t\t\t\t<p>El Mag\u00edster en Procesos Urbanos Sostenibles (MAPRUS) se desarrolla en la Facultad de Arquitectura, Urbanismo y Geograf\u00eda (FAUG) de la Universidad de Concepci\u00f3n, integrando una infraestructura robusta que combina espacios exclusivos y compartidos de alto nivel acad\u00e9mico. El n\u00facleo del programa se sit\u00faa en un \u00e1rea exclusiva para postgrados en la tercera planta de la facultad, la cual fue remodelada recientemente para optimizar la gesti\u00f3n acad\u00e9mica y la atenci\u00f3n estudiantil.<\/p><p>En este sector se ubican las oficinas de Direcci\u00f3n y Coordinaci\u00f3n Acad\u00e9mica, equipadas con recursos tecnol\u00f3gicos avanzados como estaciones de trabajo, impresoras de alta precisi\u00f3n y plotters destinados a la producci\u00f3n de planos y cartograf\u00eda exclusiva del programa. Adem\u00e1s, la Sala de Estudios de Postgrado ofrece un entorno especializado para el trabajo colaborativo, el estudio individual y el desarrollo de los Trabajos Finales Integrativos de los tesistas. Las actividades docentes se realizan en aulas dise\u00f1adas con mobiliario flexible que favorece el di\u00e1logo interdisciplinar y el an\u00e1lisis territorial con materiales espec\u00edficos.<\/p><p>La formaci\u00f3n se potencia con acceso a laboratorios de medios digitales que disponen de licencias de software especializado para dise\u00f1o urbano, arquitectura y sistemas de informaci\u00f3n geogr\u00e1fica. Adem\u00e1s, el ecosistema de infraestructura se extiende a espacios de investigaci\u00f3n como el centro CEDEUS y diversos auditorios equipados para hitos acad\u00e9micos, charlas y ex\u00e1menes de grado. Asimismo, el programa se beneficia de la red de bibliotecas institucionales, garantizando un entorno integral para la excelencia en la investigaci\u00f3n y la formaci\u00f3n profesional de sus estudiantes.<\/p>\t\t\t\t\t\t\t\t<\/div>\n\t\t\t\t\t<\/div>\n\t\t\t\t<\/div>\n\t\t<div data-particle_enable=\"false\" data-particle-mobile-disabled=\"false\" class=\"elementor-element elementor-element-cc78f39 e-flex e-con-boxed e-con e-parent\" data-id=\"cc78f39\" data-element_type=\"container\">\n\t\t\t\t\t<div class=\"e-con-inner\">\n\t\t\t\t<div class=\"elementor-element elementor-element-ad975cc elementor-widget elementor-widget-gallery\" data-id=\"ad975cc\" data-element_type=\"widget\" data-settings=\"{&quot;gap&quot;:{&quot;unit&quot;:&quot;px&quot;,&quot;size&quot;:15,&quot;sizes&quot;:[]},&quot;aspect_ratio&quot;:&quot;4:3&quot;,&quot;lazyload&quot;:&quot;yes&quot;,&quot;gallery_layout&quot;:&quot;grid&quot;,&quot;columns&quot;:4,&quot;columns_tablet&quot;:2,&quot;columns_mobile&quot;:1,&quot;gap_tablet&quot;:{&quot;unit&quot;:&quot;px&quot;,&quot;size&quot;:10,&quot;sizes&quot;:[]},&quot;gap_mobile&quot;:{&quot;unit&quot;:&quot;px&quot;,&quot;size&quot;:10,&quot;sizes&quot;:[]},&quot;link_to&quot;:&quot;file&quot;,&quot;overlay_background&quot;:&quot;yes&quot;,&quot;content_hover_animation&quot;:&quot;fade-in&quot;}\" data-widget_type=\"gallery.default\">\n\t\t\t\t\t\t\t<div class=\"elementor-gallery__container\">\n\t\t\t\t\t\t\t<a class=\"e-gallery-item elementor-gallery-item elementor-animated-content\" href=\"https:\/\/ariel.cfrd.cl\/maprus\/wp-content\/uploads\/2025\/12\/espacio_1.jpg\" data-elementor-open-lightbox=\"yes\" data-elementor-lightbox-slideshow=\"ad975cc\" data-elementor-lightbox-title=\"espacio_1\" data-e-action-hash=\"#elementor-action%3Aaction%3Dlightbox%26settings%3DeyJpZCI6MTk4NCwidXJsIjoiaHR0cHM6XC9cL2FyaWVsLmNmcmQuY2xcL21hcHJ1c1wvd3AtY29udGVudFwvdXBsb2Fkc1wvMjAyNVwvMTJcL2VzcGFjaW9fMS5qcGciLCJzbGlkZXNob3ciOiJhZDk3NWNjIn0%3D\">\n\t\t\t\t\t<div class=\"e-gallery-image elementor-gallery-item__image\" data-thumbnail=\"https:\/\/ariel.cfrd.cl\/maprus\/wp-content\/uploads\/2025\/12\/espacio_1.jpg\" data-width=\"1500\" data-height=\"1024\" aria-label=\"\" role=\"img\" ><\/div>\n\t\t\t\t\t\t\t\t\t\t\t<div class=\"elementor-gallery-item__overlay\"><\/div>\n\t\t\t\t\t\t\t\t\t\t\t\t\t\t<\/a>\n\t\t\t\t\t\t\t<a class=\"e-gallery-item elementor-gallery-item elementor-animated-content\" href=\"https:\/\/ariel.cfrd.cl\/maprus\/wp-content\/uploads\/2025\/12\/espacio_3.jpg\" data-elementor-open-lightbox=\"yes\" data-elementor-lightbox-slideshow=\"ad975cc\" data-elementor-lightbox-title=\"espacio_3\" data-e-action-hash=\"#elementor-action%3Aaction%3Dlightbox%26settings%3DeyJpZCI6MTk5NSwidXJsIjoiaHR0cHM6XC9cL2FyaWVsLmNmcmQuY2xcL21hcHJ1c1wvd3AtY29udGVudFwvdXBsb2Fkc1wvMjAyNVwvMTJcL2VzcGFjaW9fMy5qcGciLCJzbGlkZXNob3ciOiJhZDk3NWNjIn0%3D\">\n\t\t\t\t\t<div class=\"e-gallery-image elementor-gallery-item__image\" data-thumbnail=\"https:\/\/ariel.cfrd.cl\/maprus\/wp-content\/uploads\/2025\/12\/espacio_3.jpg\" data-width=\"1500\" data-height=\"1024\" aria-label=\"\" role=\"img\" ><\/div>\n\t\t\t\t\t\t\t\t\t\t\t<div class=\"elementor-gallery-item__overlay\"><\/div>\n\t\t\t\t\t\t\t\t\t\t\t\t\t\t<\/a>\n\t\t\t\t\t\t\t<a class=\"e-gallery-item elementor-gallery-item elementor-animated-content\" href=\"https:\/\/ariel.cfrd.cl\/maprus\/wp-content\/uploads\/2025\/12\/espacio_2.jpg\" data-elementor-open-lightbox=\"yes\" data-elementor-lightbox-slideshow=\"ad975cc\" data-elementor-lightbox-title=\"espacio_2\" data-e-action-hash=\"#elementor-action%3Aaction%3Dlightbox%26settings%3DeyJpZCI6MTk4NSwidXJsIjoiaHR0cHM6XC9cL2FyaWVsLmNmcmQuY2xcL21hcHJ1c1wvd3AtY29udGVudFwvdXBsb2Fkc1wvMjAyNVwvMTJcL2VzcGFjaW9fMi5qcGciLCJzbGlkZXNob3ciOiJhZDk3NWNjIn0%3D\">\n\t\t\t\t\t<div class=\"e-gallery-image elementor-gallery-item__image\" data-thumbnail=\"https:\/\/ariel.cfrd.cl\/maprus\/wp-content\/uploads\/2025\/12\/espacio_2.jpg\" data-width=\"1500\" data-height=\"1024\" aria-label=\"\" role=\"img\" ><\/div>\n\t\t\t\t\t\t\t\t\t\t\t<div class=\"elementor-gallery-item__overlay\"><\/div>\n\t\t\t\t\t\t\t\t\t\t\t\t\t\t<\/a>\n\t\t\t\t\t\t\t<a class=\"e-gallery-item elementor-gallery-item elementor-animated-content\" href=\"https:\/\/ariel.cfrd.cl\/maprus\/wp-content\/uploads\/2025\/12\/sala_1.jpg\" data-elementor-open-lightbox=\"yes\" data-elementor-lightbox-slideshow=\"ad975cc\" data-elementor-lightbox-title=\"sala_1\" data-e-action-hash=\"#elementor-action%3Aaction%3Dlightbox%26settings%3DeyJpZCI6MTk4OSwidXJsIjoiaHR0cHM6XC9cL2FyaWVsLmNmcmQuY2xcL21hcHJ1c1wvd3AtY29udGVudFwvdXBsb2Fkc1wvMjAyNVwvMTJcL3NhbGFfMS5qcGciLCJzbGlkZXNob3ciOiJhZDk3NWNjIn0%3D\">\n\t\t\t\t\t<div class=\"e-gallery-image elementor-gallery-item__image\" data-thumbnail=\"https:\/\/ariel.cfrd.cl\/maprus\/wp-content\/uploads\/2025\/12\/sala_1.jpg\" data-width=\"1500\" data-height=\"1024\" aria-label=\"\" role=\"img\" ><\/div>\n\t\t\t\t\t\t\t\t\t\t\t<div class=\"elementor-gallery-item__overlay\"><\/div>\n\t\t\t\t\t\t\t\t\t\t\t\t\t\t<\/a>\n\t\t\t\t\t<\/div>\n\t\t\t\t\t<\/div>\n\t\t\t\t\t<\/div>\n\t\t\t\t<\/div>\n\t\t<div data-particle_enable=\"false\" data-particle-mobile-disabled=\"false\" class=\"elementor-element elementor-element-133e3ca e-flex e-con-boxed e-con e-parent\" data-id=\"133e3ca\" data-element_type=\"container\">\n\t\t\t\t\t<div class=\"e-con-inner\">\n\t\t<div data-particle_enable=\"false\" data-particle-mobile-disabled=\"false\" class=\"elementor-element elementor-element-4f95009 e-con-full e-flex e-con e-child\" data-id=\"4f95009\" data-element_type=\"container\">\n\t\t\t\t<div class=\"elementor-element elementor-element-5c0429b elementor-widget elementor-widget-video\" data-id=\"5c0429b\" data-element_type=\"widget\" data-settings=\"{&quot;youtube_url&quot;:&quot;https:\\\/\\\/www.youtube.com\\\/watch?v=hrcTYu1hy7Q&amp;list=PLpLqg9l5MFwneEo6e0aI6Uxlqs9c2gySL&amp;index=2&quot;,&quot;video_type&quot;:&quot;youtube&quot;,&quot;controls&quot;:&quot;yes&quot;}\" data-widget_type=\"video.default\">\n\t\t\t\t\t\t\t<div class=\"elementor-wrapper elementor-open-inline\">\n\t\t\t<div class=\"elementor-video\"><\/div>\t\t<\/div>\n\t\t\t\t\t\t<\/div>\n\t\t\t\t<\/div>\n\t\t\t\t\t<\/div>\n\t\t\t\t<\/div>\n\t\t\t\t<\/div>\n\t\t","protected":false},"excerpt":{"rendered":"<p>Infraestructura El Mag\u00edster en Procesos Urbanos Sostenibles (MAPRUS) se desarrolla en la Facultad de Arquitectura, Urbanismo y Geograf\u00eda (FAUG) de la Universidad de Concepci\u00f3n, integrando una infraestructura robusta que combina espacios exclusivos y compartidos de alto nivel acad\u00e9mico. El n\u00facleo del programa se sit\u00faa en un \u00e1rea exclusiva para postgrados en la tercera planta de [&hellip;]<\/p>\n","protected":false},"author":1,"featured_media":0,"parent":0,"menu_order":0,"comment_status":"closed","ping_status":"closed","template":"elementor_header_footer","meta":{"footnotes":""},"class_list":["post-1288","page","type-page","status-publish","hentry"],"_links":{"self":[{"href":"https:\/\/ariel.cfrd.cl\/maprus\/wp-json\/wp\/v2\/pages\/1288","targetHints":{"allow":["GET"]}}],"collection":[{"href":"https:\/\/ariel.cfrd.cl\/maprus\/wp-json\/wp\/v2\/pages"}],"about":[{"href":"https:\/\/ariel.cfrd.cl\/maprus\/wp-json\/wp\/v2\/types\/page"}],"author":[{"embeddable":true,"href":"https:\/\/ariel.cfrd.cl\/maprus\/wp-json\/wp\/v2\/users\/1"}],"replies":[{"embeddable":true,"href":"https:\/\/ariel.cfrd.cl\/maprus\/wp-json\/wp\/v2\/comments?post=1288"}],"version-history":[{"count":0,"href":"https:\/\/ariel.cfrd.cl\/maprus\/wp-json\/wp\/v2\/pages\/1288\/revisions"}],"wp:attachment":[{"href":"https:\/\/ariel.cfrd.cl\/maprus\/wp-json\/wp\/v2\/media?parent=1288"}],"curies":[{"name":"wp","href":"https:\/\/api.w.org\/{rel}","templated":true}]}}