{"id":1203,"date":"2025-11-10T13:41:20","date_gmt":"2025-11-10T12:41:20","guid":{"rendered":"https:\/\/ariel.cfrd.cl\/maprus\/?page_id=1203"},"modified":"2026-01-28T13:21:14","modified_gmt":"2026-01-28T12:21:14","slug":"docentes-colaboradores","status":"publish","type":"page","link":"https:\/\/ariel.cfrd.cl\/maprus\/docentes-colaboradores\/","title":{"rendered":"Docentes colaboradores"},"content":{"rendered":"\t\t<div data-elementor-type=\"wp-page\" data-elementor-id=\"1203\" class=\"elementor elementor-1203\" data-elementor-post-type=\"page\">\n\t\t\t\t<div data-particle_enable=\"false\" data-particle-mobile-disabled=\"false\" class=\"elementor-element elementor-element-1a56fd4 e-flex e-con-boxed e-con e-parent\" data-id=\"1a56fd4\" data-element_type=\"container\" data-settings=\"{&quot;background_background&quot;:&quot;classic&quot;}\">\n\t\t\t\t\t<div class=\"e-con-inner\">\n\t\t\t\t<div class=\"elementor-element elementor-element-d430e49 elementor-widget elementor-widget-heading\" data-id=\"d430e49\" data-element_type=\"widget\" data-widget_type=\"heading.default\">\n\t\t\t\t\t<h1 class=\"elementor-heading-title elementor-size-default\">Docentes colaboradores<\/h1>\t\t\t\t<\/div>\n\t\t\t\t\t<\/div>\n\t\t\t\t<\/div>\n\t\t<div data-particle_enable=\"false\" data-particle-mobile-disabled=\"false\" class=\"elementor-element elementor-element-94e8f01 e-flex e-con-boxed e-con e-parent\" data-id=\"94e8f01\" data-element_type=\"container\">\n\t\t\t\t\t<div class=\"e-con-inner\">\n\t\t\t\t<div class=\"elementor-element elementor-element-ff9a7cd elementor-position-top elementor-widget elementor-widget-image-box\" data-id=\"ff9a7cd\" data-element_type=\"widget\" data-widget_type=\"image-box.default\">\n\t\t\t\t\t<div class=\"elementor-image-box-wrapper\"><figure class=\"elementor-image-box-img\"><a href=\"#elementor-action%3Aaction%3Dpopup%3Aopen%26settings%3DeyJpZCI6IjEyMzUiLCJ0b2dnbGUiOmZhbHNlfQ%3D%3D\" tabindex=\"-1\"><img fetchpriority=\"high\" decoding=\"async\" width=\"1920\" height=\"2560\" src=\"https:\/\/ariel.cfrd.cl\/maprus\/wp-content\/uploads\/2026\/01\/17-Marianela-Camano-1.jpg\" class=\"attachment-full size-full wp-image-2683\" alt=\"\" srcset=\"https:\/\/ariel.cfrd.cl\/maprus\/wp-content\/uploads\/2026\/01\/17-Marianela-Camano-1.jpg 1920w, https:\/\/ariel.cfrd.cl\/maprus\/wp-content\/uploads\/2026\/01\/17-Marianela-Camano-1-225x300.jpg 225w, https:\/\/ariel.cfrd.cl\/maprus\/wp-content\/uploads\/2026\/01\/17-Marianela-Camano-1-768x1024.jpg 768w, https:\/\/ariel.cfrd.cl\/maprus\/wp-content\/uploads\/2026\/01\/17-Marianela-Camano-1-1152x1536.jpg 1152w, https:\/\/ariel.cfrd.cl\/maprus\/wp-content\/uploads\/2026\/01\/17-Marianela-Camano-1-1536x2048.jpg 1536w\" sizes=\"(max-width: 1920px) 100vw, 1920px\" \/><\/a><\/figure><div class=\"elementor-image-box-content\"><h3 class=\"elementor-image-box-title\"><a href=\"#elementor-action%3Aaction%3Dpopup%3Aopen%26settings%3DeyJpZCI6IjEyMzUiLCJ0b2dnbGUiOmZhbHNlfQ%3D%3D\">Marianela Del Pilar Cama\u00f1o Saavedra<\/a><\/h3><p class=\"elementor-image-box-description\">Mag. en Arquitectura, Arte y Espacio Ef\u00edmero, Universitat\u202fPolit\u00e9cnica de Catalunya, Espa\u00f1a.<\/p><\/div><\/div>\t\t\t\t<\/div>\n\t\t\t\t<div class=\"elementor-element elementor-element-e39cbdc elementor-position-top elementor-widget elementor-widget-image-box\" data-id=\"e39cbdc\" data-element_type=\"widget\" data-widget_type=\"image-box.default\">\n\t\t\t\t\t<div class=\"elementor-image-box-wrapper\"><figure class=\"elementor-image-box-img\"><a href=\"#elementor-action%3Aaction%3Dpopup%3Aopen%26settings%3DeyJpZCI6IjEyNDIiLCJ0b2dnbGUiOmZhbHNlfQ%3D%3D\" tabindex=\"-1\"><img decoding=\"async\" width=\"1920\" height=\"2560\" src=\"https:\/\/ariel.cfrd.cl\/maprus\/wp-content\/uploads\/2025\/12\/Claudia-Cerda-scaled.jpg\" class=\"attachment-full size-full wp-image-1770\" alt=\"\" srcset=\"https:\/\/ariel.cfrd.cl\/maprus\/wp-content\/uploads\/2025\/12\/Claudia-Cerda-scaled.jpg 1920w, https:\/\/ariel.cfrd.cl\/maprus\/wp-content\/uploads\/2025\/12\/Claudia-Cerda-225x300.jpg 225w, https:\/\/ariel.cfrd.cl\/maprus\/wp-content\/uploads\/2025\/12\/Claudia-Cerda-768x1024.jpg 768w, https:\/\/ariel.cfrd.cl\/maprus\/wp-content\/uploads\/2025\/12\/Claudia-Cerda-1152x1536.jpg 1152w, https:\/\/ariel.cfrd.cl\/maprus\/wp-content\/uploads\/2025\/12\/Claudia-Cerda-1536x2048.jpg 1536w\" sizes=\"(max-width: 1920px) 100vw, 1920px\" \/><\/a><\/figure><div class=\"elementor-image-box-content\"><h3 class=\"elementor-image-box-title\"><a href=\"#elementor-action%3Aaction%3Dpopup%3Aopen%26settings%3DeyJpZCI6IjEyNDIiLCJ0b2dnbGUiOmZhbHNlfQ%3D%3D\">Claudia Ang\u00e9lica Cerda Inostroza\u202f <\/a><\/h3><p class=\"elementor-image-box-description\">Mag. en Procesos Urbanos Sostenibles\u202f, Universidad de Concepci\u00f3n, Chile.<\/p><\/div><\/div>\t\t\t\t<\/div>\n\t\t\t\t<div class=\"elementor-element elementor-element-0ec1c20 elementor-position-top elementor-widget elementor-widget-image-box\" data-id=\"0ec1c20\" data-element_type=\"widget\" data-widget_type=\"image-box.default\">\n\t\t\t\t\t<div class=\"elementor-image-box-wrapper\"><figure class=\"elementor-image-box-img\"><a href=\"#elementor-action%3Aaction%3Dpopup%3Aopen%26settings%3DeyJpZCI6IjEyNTIiLCJ0b2dnbGUiOmZhbHNlfQ%3D%3D\" tabindex=\"-1\"><img decoding=\"async\" width=\"1920\" height=\"2560\" src=\"https:\/\/ariel.cfrd.cl\/maprus\/wp-content\/uploads\/2025\/12\/Violeta-Montero-scaled.jpg\" class=\"attachment-full size-full wp-image-1766\" alt=\"Violeta Montero\" srcset=\"https:\/\/ariel.cfrd.cl\/maprus\/wp-content\/uploads\/2025\/12\/Violeta-Montero-scaled.jpg 1920w, https:\/\/ariel.cfrd.cl\/maprus\/wp-content\/uploads\/2025\/12\/Violeta-Montero-225x300.jpg 225w, https:\/\/ariel.cfrd.cl\/maprus\/wp-content\/uploads\/2025\/12\/Violeta-Montero-768x1024.jpg 768w, https:\/\/ariel.cfrd.cl\/maprus\/wp-content\/uploads\/2025\/12\/Violeta-Montero-1152x1536.jpg 1152w, https:\/\/ariel.cfrd.cl\/maprus\/wp-content\/uploads\/2025\/12\/Violeta-Montero-1536x2048.jpg 1536w\" sizes=\"(max-width: 1920px) 100vw, 1920px\" \/><\/a><\/figure><div class=\"elementor-image-box-content\"><h3 class=\"elementor-image-box-title\"><a href=\"#elementor-action%3Aaction%3Dpopup%3Aopen%26settings%3DeyJpZCI6IjEyNTIiLCJ0b2dnbGUiOmZhbHNlfQ%3D%3D\">Violeta Isabel Montero Barriga<\/a><\/h3><p class=\"elementor-image-box-description\">Dra. en Sociolog\u00eda\u202f, Universidad Alberto Hurtado, Chile.<\/p><\/div><\/div>\t\t\t\t<\/div>\n\t\t\t\t<div class=\"elementor-element elementor-element-9b59a4c elementor-position-top elementor-widget elementor-widget-image-box\" data-id=\"9b59a4c\" data-element_type=\"widget\" data-widget_type=\"image-box.default\">\n\t\t\t\t\t<div class=\"elementor-image-box-wrapper\"><figure class=\"elementor-image-box-img\"><a href=\"#elementor-action%3Aaction%3Dpopup%3Aopen%26settings%3DeyJpZCI6IjEyNjEiLCJ0b2dnbGUiOmZhbHNlfQ%3D%3D\" tabindex=\"-1\"><img loading=\"lazy\" decoding=\"async\" width=\"1920\" height=\"2560\" src=\"https:\/\/ariel.cfrd.cl\/maprus\/wp-content\/uploads\/2026\/01\/profesores-generico-2.jpg\" class=\"attachment-full size-full wp-image-2569\" alt=\"\" srcset=\"https:\/\/ariel.cfrd.cl\/maprus\/wp-content\/uploads\/2026\/01\/profesores-generico-2.jpg 1920w, https:\/\/ariel.cfrd.cl\/maprus\/wp-content\/uploads\/2026\/01\/profesores-generico-2-225x300.jpg 225w, https:\/\/ariel.cfrd.cl\/maprus\/wp-content\/uploads\/2026\/01\/profesores-generico-2-768x1024.jpg 768w, https:\/\/ariel.cfrd.cl\/maprus\/wp-content\/uploads\/2026\/01\/profesores-generico-2-1152x1536.jpg 1152w, https:\/\/ariel.cfrd.cl\/maprus\/wp-content\/uploads\/2026\/01\/profesores-generico-2-1536x2048.jpg 1536w\" sizes=\"(max-width: 1920px) 100vw, 1920px\" \/><\/a><\/figure><div class=\"elementor-image-box-content\"><h3 class=\"elementor-image-box-title\"><a href=\"#elementor-action%3Aaction%3Dpopup%3Aopen%26settings%3DeyJpZCI6IjEyNjEiLCJ0b2dnbGUiOmZhbHNlfQ%3D%3D\">Rodrigo Gabriel Pe\u00f1a <br>Roa<\/a><\/h3><p class=\"elementor-image-box-description\">M.A.\u202f, The\u202fUniversity\u202fof\u202fSheffield, Reino Unido.<\/p><\/div><\/div>\t\t\t\t<\/div>\n\t\t\t\t\t<\/div>\n\t\t\t\t<\/div>\n\t\t\t\t<\/div>\n\t\t","protected":false},"excerpt":{"rendered":"<p>Docentes colaboradores Marianela Del Pilar Cama\u00f1o Saavedra Mag. en Arquitectura, Arte y Espacio Ef\u00edmero, Universitat\u202fPolit\u00e9cnica de Catalunya, Espa\u00f1a. Claudia Ang\u00e9lica Cerda Inostroza\u202f Mag. en Procesos Urbanos Sostenibles\u202f, Universidad de Concepci\u00f3n, Chile. Violeta Isabel Montero Barriga Dra. en Sociolog\u00eda\u202f, Universidad Alberto Hurtado, Chile. Rodrigo Gabriel Pe\u00f1a Roa M.A.\u202f, The\u202fUniversity\u202fof\u202fSheffield, Reino Unido.<\/p>\n","protected":false},"author":1,"featured_media":0,"parent":0,"menu_order":0,"comment_status":"closed","ping_status":"closed","template":"elementor_header_footer","meta":{"footnotes":""},"class_list":["post-1203","page","type-page","status-publish","hentry"],"_links":{"self":[{"href":"https:\/\/ariel.cfrd.cl\/maprus\/wp-json\/wp\/v2\/pages\/1203","targetHints":{"allow":["GET"]}}],"collection":[{"href":"https:\/\/ariel.cfrd.cl\/maprus\/wp-json\/wp\/v2\/pages"}],"about":[{"href":"https:\/\/ariel.cfrd.cl\/maprus\/wp-json\/wp\/v2\/types\/page"}],"author":[{"embeddable":true,"href":"https:\/\/ariel.cfrd.cl\/maprus\/wp-json\/wp\/v2\/users\/1"}],"replies":[{"embeddable":true,"href":"https:\/\/ariel.cfrd.cl\/maprus\/wp-json\/wp\/v2\/comments?post=1203"}],"version-history":[{"count":0,"href":"https:\/\/ariel.cfrd.cl\/maprus\/wp-json\/wp\/v2\/pages\/1203\/revisions"}],"wp:attachment":[{"href":"https:\/\/ariel.cfrd.cl\/maprus\/wp-json\/wp\/v2\/media?parent=1203"}],"curies":[{"name":"wp","href":"https:\/\/api.w.org\/{rel}","templated":true}]}}