{"id":16,"date":"2024-09-05T18:49:45","date_gmt":"2024-09-05T16:49:45","guid":{"rendered":"https:\/\/ariel.cfrd.cl\/accesibilidad\/?page_id=16"},"modified":"2024-09-05T22:36:34","modified_gmt":"2024-09-05T20:36:34","slug":"1-1-1contenido-no-textual-nivel-a","status":"publish","type":"page","link":"https:\/\/ariel.cfrd.cl\/accesibilidad\/","title":{"rendered":"1.1.1 Contenido no textual &#8211; Nivel A"},"content":{"rendered":"\n<p>Todo contenido no textual que se presenta al usuario tiene una alternativa de texto que cumple la misma funci\u00f3n, excepto en las situaciones que se enumeran a continuaci\u00f3n.<\/p>\n\n\n\n<ul class=\"wp-block-list\">\n<li>Controles, entradas,<\/li>\n\n\n\n<li>Medios basados en el tiempo<\/li>\n\n\n\n<li>Pruebas<\/li>\n\n\n\n<li>Sensoriales<\/li>\n\n\n\n<li>CAPTCHA<\/li>\n\n\n\n<li>Decoraci\u00f3n<\/li>\n<\/ul>\n\n\n\n<p><strong>Como Lograr el nivel de conformidad (nivel A)<\/strong><\/p>\n\n\n\n<p>Uso de atributos <strong>alt<\/strong> en elementos <strong>img<\/strong><\/p>\n\n\n\n<pre class=\"wp-block-code has-lightest-gray-background-color has-background\"><code>&lt;img src=\"newsletter.gif\" alt=\"Free newsletter. Get free recipes, news, and more. Learn more.\"><\/code><\/pre>\n\n\n\n<p><strong>Si la tecnolog\u00eda de asistencia debe ignorar el contenido no textual:<\/strong> <br>Usar CSS para incluir las im\u00e1genes decorativas.<br>Dejar en blanco el texto alternativo de las im\u00e1genes.<br>Ocultar im\u00e1genes decorativas con la etiqueta Artifact en documentos PDF.<\/p>\n\n\n\n<p><\/p>\n\n\n\n<p><\/p>\n\n\n\n<p>Referencia: <a href=\"https:\/\/www.w3.org\/WAI\/WCAG22\/quickref\/?showtechniques=1410%2C1411%2C1412%2C1413#non-text-content\">https:\/\/www.w3.org\/WAI\/WCAG22\/quickref\/?showtechniques=1410%2C1411%2C1412%2C1413#non-text-content<\/a><\/p>\n\n\n\n<p><\/p>\n","protected":false},"excerpt":{"rendered":"<p>Todo contenido no textual que se presenta al usuario tiene una alternativa de texto que cumple la misma funci\u00f3n, excepto en las situaciones que se enumeran a continuaci\u00f3n. Como Lograr el nivel de conformidad (nivel A) Uso de atributos alt en elementos img Si la tecnolog\u00eda de asistencia debe ignorar el contenido no textual: Usar [&hellip;]<\/p>\n","protected":false},"author":1,"featured_media":0,"parent":10,"menu_order":0,"comment_status":"closed","ping_status":"closed","template":"","meta":{"inline_featured_image":false,"footnotes":""},"class_list":["post-16","page","type-page","status-publish","hentry","missing-thumbnail"],"_links":{"self":[{"href":"https:\/\/ariel.cfrd.cl\/accesibilidad\/index.php\/wp-json\/wp\/v2\/pages\/16"}],"collection":[{"href":"https:\/\/ariel.cfrd.cl\/accesibilidad\/index.php\/wp-json\/wp\/v2\/pages"}],"about":[{"href":"https:\/\/ariel.cfrd.cl\/accesibilidad\/index.php\/wp-json\/wp\/v2\/types\/page"}],"author":[{"embeddable":true,"href":"https:\/\/ariel.cfrd.cl\/accesibilidad\/index.php\/wp-json\/wp\/v2\/users\/1"}],"replies":[{"embeddable":true,"href":"https:\/\/ariel.cfrd.cl\/accesibilidad\/index.php\/wp-json\/wp\/v2\/comments?post=16"}],"version-history":[{"count":11,"href":"https:\/\/ariel.cfrd.cl\/accesibilidad\/index.php\/wp-json\/wp\/v2\/pages\/16\/revisions"}],"predecessor-version":[{"id":143,"href":"https:\/\/ariel.cfrd.cl\/accesibilidad\/index.php\/wp-json\/wp\/v2\/pages\/16\/revisions\/143"}],"up":[{"embeddable":true,"href":"https:\/\/ariel.cfrd.cl\/accesibilidad\/index.php\/wp-json\/wp\/v2\/pages\/10"}],"wp:attachment":[{"href":"https:\/\/ariel.cfrd.cl\/accesibilidad\/index.php\/wp-json\/wp\/v2\/media?parent=16"}],"curies":[{"name":"wp","href":"https:\/\/api.w.org\/{rel}","templated":true}]}}